{"id":1179,"date":"2024-04-02T09:43:23","date_gmt":"2024-04-02T09:43:23","guid":{"rendered":"https:\/\/losteflor.pt\/?post_type=product&#038;p=1179"},"modified":"2024-04-25T19:31:45","modified_gmt":"2024-04-25T19:31:45","slug":"eugenia-myrtifolia","status":"publish","type":"product","link":"https:\/\/losteflor.pt\/es\/product\/eugenia-myrtifolia\/","title":{"rendered":"Eugenia Myrtifolia"},"content":{"rendered":"<p>Se trata de una planta policrom\u00e1tica, ya que durante el invierno su color es ocre, en primavera combina el ocre con un verde oscuro, en verano adquiere un color verde brillante.<\/p>\n<p><strong>Luz:<\/strong> Prefiere lugares sombrios o con luz durante la ma\u00f1ana aunque se adapta tambi\u00e9n muy bien a pleno sol.<br \/>\n<strong>Riego<\/strong>: Lo m\u00e1s importante es no regar esta planta en exceso ya que puede acarrearle problemas de perdida de hojas. Si est\u00e1 en maceta lo mejor es regarla cuando el sustrato est\u00e9 pr\u00e1cticamente seco mientras que si se encuentra en el suelo el riego cada 15 d\u00edas en invierno y semanalmente en verano suele ser en general suficiente.<br \/>\n<strong>Poda:<\/strong> Es una planta ideal para realizar setos o paredes verdes con ellas. Soporta y agradece muy bien las podas. De hecho cuando m\u00e1s podas recibe m\u00e1s frondoso es su follaje.<br \/>\n<strong>Plagas:<\/strong> Una de las ventajas de la Eugenia Myrtifolia es su resistencia a plagas y enfermedades comunes en otros arbustos. Esto simplifica su cuidado y garantiza que tu jard\u00edn est\u00e9 siempre saludable y vibrante<\/p>\n","protected":false},"excerpt":{"rendered":"<p>Es uno de los arbustos que con m\u00e1s fuerza est\u00e1n imponi\u00e9ndose en nuestros jardines en terrazas gracias a su gran adaptabilidad y su belleza.<\/p>\n","protected":false},"featured_media":1182,"comment_status":"open","ping_status":"closed","template":"","meta":{"_acf_changed":false,"inline_featured_image":false,"rank_math_title":"Eugenia Myrtifolia | Viveiro LosteFlor Portugal","rank_math_description":"Compre Eugenia Myrtifolia no viveiro LosteFlor. Plantas de qualidade com envio para todo Portugal. Especialistas em jardinagem no Algarve. ISO 9001:2015.","rank_math_canonical_url":"","rank_math_focus_keyword":"Eugenia Myrtifolia"},"product_brand":[],"product_cat":[66],"product_tag":[74],"class_list":{"0":"post-1179","1":"product","2":"type-product","3":"status-publish","4":"has-post-thumbnail","6":"product_cat-vivero-losteflor","7":"product_tag-dracaena-marginata","9":"first","10":"instock","11":"shipping-taxable","12":"product-type-simple"},"acf":[],"_links":{"self":[{"href":"https:\/\/losteflor.pt\/es\/wp-json\/wp\/v2\/product\/1179","targetHints":{"allow":["GET"]}}],"collection":[{"href":"https:\/\/losteflor.pt\/es\/wp-json\/wp\/v2\/product"}],"about":[{"href":"https:\/\/losteflor.pt\/es\/wp-json\/wp\/v2\/types\/product"}],"replies":[{"embeddable":true,"href":"https:\/\/losteflor.pt\/es\/wp-json\/wp\/v2\/comments?post=1179"}],"version-history":[{"count":2,"href":"https:\/\/losteflor.pt\/es\/wp-json\/wp\/v2\/product\/1179\/revisions"}],"predecessor-version":[{"id":1181,"href":"https:\/\/losteflor.pt\/es\/wp-json\/wp\/v2\/product\/1179\/revisions\/1181"}],"wp:featuredmedia":[{"embeddable":true,"href":"https:\/\/losteflor.pt\/es\/wp-json\/wp\/v2\/media\/1182"}],"wp:attachment":[{"href":"https:\/\/losteflor.pt\/es\/wp-json\/wp\/v2\/media?parent=1179"}],"wp:term":[{"taxonomy":"product_brand","embeddable":true,"href":"https:\/\/losteflor.pt\/es\/wp-json\/wp\/v2\/product_brand?post=1179"},{"taxonomy":"product_cat","embeddable":true,"href":"https:\/\/losteflor.pt\/es\/wp-json\/wp\/v2\/product_cat?post=1179"},{"taxonomy":"product_tag","embeddable":true,"href":"https:\/\/losteflor.pt\/es\/wp-json\/wp\/v2\/product_tag?post=1179"}],"curies":[{"name":"wp","href":"https:\/\/api.w.org\/{rel}","templated":true}]}}