{"id":1291,"date":"2024-05-23T14:17:04","date_gmt":"2024-05-23T14:17:04","guid":{"rendered":"https:\/\/losteflor.pt\/?post_type=product&#038;p=1291"},"modified":"2024-05-23T14:17:04","modified_gmt":"2024-05-23T14:17:04","slug":"euphorbia-trigona","status":"publish","type":"product","link":"https:\/\/losteflor.pt\/es\/product\/euphorbia-trigona\/","title":{"rendered":"Euphorbia Trigona"},"content":{"rendered":"<p>La Euphorbia trigona, perteneciente a la familia de las Euphorbiaceae y originaria del sudoeste de \u00c1frica, es tambi\u00e9n conocida por Planta de la Leche, Corona y \u00c1rbol Africano de la Leche. Se trata de una planta suculenta de porte columnar ramificado que, con el tiempo, puede alcanzar alturas de 3-4 metros y volverse arbustiva.<\/p>\n<p><strong>Caracter\u00edsticas:<\/strong><\/p>\n<ul>\n<li><strong>Riego:<\/strong> Como suculenta, la Euphorbia trigona no requiere gran cantidad de agua. Debemos regar solo cuando el sustrato est\u00e9 completamente seco para evitar el exceso de humedad que podr\u00eda pudrir sus ra\u00edces.<\/li>\n<li><strong>Luz:<\/strong> Acostumbrada a vivir en zonas de sol y calor, necesita mucha luz para un desarrollo \u00f3ptimo. Sin embargo, la exposici\u00f3n directa al sol puede causar manchas y quemaduras en sus hojas.<\/li>\n<li><strong>Temperaturas:<\/strong> No tolera bien el fr\u00edo, prefiriendo ambientes c\u00e1lidos con temperaturas entre 20 y 28 grados.<\/li>\n<li><strong>Sustrato:<\/strong> Requiere un sustrato espec\u00edfico para suculentas que sea ligero y permita un buen drenaje, evitando as\u00ed la pudrici\u00f3n de las ra\u00edces.<\/li>\n<\/ul>\n<p>Ideal para aquellos que buscan una planta resistente y ex\u00f3tica que a\u00f1ada un toque distintivo a su hogar o jard\u00edn.<\/p>\n","protected":false},"excerpt":{"rendered":"<p>Conocida como la Planta de la Leche o \u00c1rbol Africano de la Leche, la Euphorbia trigona es una suculenta columnar originaria del sudoeste de \u00c1frica. Requiere riego moderado, mucha luz, y sustrato bien drenado. No tolera bien el fr\u00edo, prefiriendo temperaturas entre 20 y 28 grados.<\/p>\n","protected":false},"featured_media":1292,"comment_status":"open","ping_status":"closed","template":"","meta":{"_acf_changed":false,"inline_featured_image":false,"rank_math_title":"Euphorbia Trigona | Viveiro LosteFlor Portugal","rank_math_description":"Compre Euphorbia Trigona no viveiro LosteFlor. Plantas de qualidade com envio para todo Portugal. Especialistas em jardinagem no Algarve. ISO 9001:2015.","rank_math_canonical_url":"","rank_math_focus_keyword":"Euphorbia Trigona"},"product_brand":[],"product_cat":[66],"product_tag":[84],"class_list":{"0":"post-1291","1":"product","2":"type-product","3":"status-publish","4":"has-post-thumbnail","6":"product_cat-vivero-losteflor","7":"product_tag-euphorbia-trigona","9":"first","10":"instock","11":"shipping-taxable","12":"product-type-simple"},"acf":[],"_links":{"self":[{"href":"https:\/\/losteflor.pt\/es\/wp-json\/wp\/v2\/product\/1291","targetHints":{"allow":["GET"]}}],"collection":[{"href":"https:\/\/losteflor.pt\/es\/wp-json\/wp\/v2\/product"}],"about":[{"href":"https:\/\/losteflor.pt\/es\/wp-json\/wp\/v2\/types\/product"}],"replies":[{"embeddable":true,"href":"https:\/\/losteflor.pt\/es\/wp-json\/wp\/v2\/comments?post=1291"}],"version-history":[{"count":0,"href":"https:\/\/losteflor.pt\/es\/wp-json\/wp\/v2\/product\/1291\/revisions"}],"wp:featuredmedia":[{"embeddable":true,"href":"https:\/\/losteflor.pt\/es\/wp-json\/wp\/v2\/media\/1292"}],"wp:attachment":[{"href":"https:\/\/losteflor.pt\/es\/wp-json\/wp\/v2\/media?parent=1291"}],"wp:term":[{"taxonomy":"product_brand","embeddable":true,"href":"https:\/\/losteflor.pt\/es\/wp-json\/wp\/v2\/product_brand?post=1291"},{"taxonomy":"product_cat","embeddable":true,"href":"https:\/\/losteflor.pt\/es\/wp-json\/wp\/v2\/product_cat?post=1291"},{"taxonomy":"product_tag","embeddable":true,"href":"https:\/\/losteflor.pt\/es\/wp-json\/wp\/v2\/product_tag?post=1291"}],"curies":[{"name":"wp","href":"https:\/\/api.w.org\/{rel}","templated":true}]}}